{"id":3731,"date":"2020-10-13T19:56:26","date_gmt":"2020-10-13T19:56:26","guid":{"rendered":"https:\/\/satom.net\/terms-and-conditions\/"},"modified":"2022-12-09T14:37:11","modified_gmt":"2022-12-09T13:37:11","slug":"terms-and-conditions","status":"publish","type":"page","link":"https:\/\/satom.net\/en\/terms-and-conditions\/","title":{"rendered":"Terms and conditions"},"content":{"rendered":"<h2 style=\"text-align: left;\">CONDITIONS GENERALES DE FORMATION<\/h2>\n<p style=\"text-align: left;\">Ces conditions g\u00e9n\u00e9rales de Satom IT &amp; Learning Solutions r\u00e9gissent la prestation de services de<br \/>\nformation de Satom IT &amp; Learning Solutions Suisse (\u00ab Satom IT &amp; Learning Solutions \u00bb).<br \/>\nCes conditions constituent l&#8217;accord dans son entier ; elles remplacent tout accord ant\u00e9rieur, verbal<br \/>\no\u00f9 \u00e9crit entre les parties.<\/p>\n<p style=\"text-align: left;\"><strong>Offre de cours et prix<\/strong><br \/>\nLa structure le contenu les objectifs d&#8217;apprentissage virgule la port\u00e9e et les d\u00e9tails de la mise en<br \/>\n\u0153uvre virgule le prix et les modalit\u00e9s de paiement du cours choisi peuvent \u00eatre consult\u00e9es dans les<br \/>\ndescriptions de cours correspondant \u00e0 chaque cours point ces \u00e9l\u00e9ments font partie int\u00e9grante des<br \/>\npr\u00e9sentes conditions.<\/p>\n<p style=\"text-align: left;\"><strong>Inscriptions<\/strong><br \/>\nLes inscriptions peuvent se faire directement sur le site internet ou par fax, courrier, e-mail et<br \/>\nt\u00e9l\u00e9phone.<br \/>\n<strong>Web<\/strong> : www.satom.net<br \/>\n<strong>T\u00e9l\u00e9phone<\/strong> : +41 22 757 66 86<br \/>\n<strong>Fax<\/strong> : +41 22 757 65 89<br \/>\n<strong>E-mails<\/strong> : formation@satom.ch ou info@satom.ch<br \/>\nLes pr\u00e9requis pour la fr\u00e9quentation aux cours sont donn\u00e9s dans le descriptif de cours point veuillez<br \/>\nv\u00e9rifier ses pr\u00e9requis avant votre inscription point le nombre de participants est limit\u00e9 de mani\u00e8re \u00e0<br \/>\npr\u00e9server la qualit\u00e9 d&#8217;enseignement point les inscriptions sont prises en compte dans leur ordre<br \/>\nd&#8217;arriv\u00e9e.<\/p>\n<p><strong>Inscription \/ Annulation<\/strong><br \/>\nL&#8217;inscription au cours est obligatoire point vous pouvez annuler votre inscription par \u00e9crit dans les 11<br \/>\njours calendaires avant le cours, sans frais.<br \/>\nCependant virgule il est possible \u00e0 tout moment, sans frais suppl\u00e9mentaires de fournir un.e<br \/>\nrempla\u00e7ant.e. Nous vous r\u00e9servons le droit de valider un cours ou de le reporter en fonction des<br \/>\n\u00e9v\u00e9nements point toute annulation de cours vous sera communiqu\u00e9e d\u00e8s que possible.<\/p>\n<p><strong>Prix du cours<\/strong><br \/>\nLe prix de cours comprend : le mat\u00e9riel, support de cours virgule le formateur et l&#8217;utilisation du<br \/>\nsyst\u00e8me informatique requis point les d\u00e9placements virgule la subsistance et les frais d&#8217;h\u00e9bergement<br \/>\nsont \u00e0 votre charge. Tous les prix sont hors TVA.<\/p>\n<p><strong>Tarif h\u00f4tel<\/strong><br \/>\nLes frais d&#8217;h\u00f4tel ne sont pas inclus dans nos cours.<\/p>\n<p><strong>Droits de propri\u00e9t\u00e9 intellectuelle<\/strong><br \/>\nEn vous inscrivant \u00e0 un cours vous vous engagez \u00e0 respecter les consignes suivantes : tous les droits<br \/>\nde propri\u00e9t\u00e9 intellectuelle (y compris les droits d&#8217;auteur) relatifs au mat\u00e9riel de cours logiciels, etc<br \/>\nutilis\u00e9s durant le cours chez Satom IT &amp; Learning Solutions. Ils Ne peuvent pas \u00eatre utilis\u00e9s en dehors<br \/>\nde ce cours. Il n&#8217;est pas autoris\u00e9 de copier un logiciel et\/ou d&#8217;emporter celui-ci avec soi \u00e0 la fin d&#8217;un<br \/>\ncours. Les supports de cours fournis sont destin\u00e9s uniquement \u00e0 un usage personnel et ne peuvent<br \/>\npas \u00eatre reproduits o\u00f9 utilis\u00e9s \u00e0 des fins commerciales.<\/p>\n<p><strong>Assurance<\/strong><br \/>\nPour toute formation organis\u00e9e par Satom IT &amp; Learning Solutions, chaque participant doit<br \/>\nimp\u00e9rativement \u00eatre personnellement couvert par ses propres assurances et de mani\u00e8re ad\u00e9quate<br \/>\npoint pour le vol et la perte d&#8217;affaires personnelles durant le cours, Satom IT &amp; Learning Solutions ne<br \/>\npeut pas \u00eatre tenue responsable.<\/p>\n<p><strong>Changements de programme de cours et de prix<\/strong><br \/>\nLes programmes de cours et les prix ainsi que les conditions g\u00e9n\u00e9rales peuvent \u00eatre modifi\u00e9s \u00e0 tout<br \/>\nmoment par Satom IT &amp; Learning Solutions.<\/p>\n<p><strong>Les principes g\u00e9n\u00e9raux de la relation d&#8217;affaires<\/strong><br \/>\nAucune des parties n&#8217;a le droit d&#8217;utiliser le nom virgule la marque, ou les slogans de l&#8217;autre partie<br \/>\npour de la publicit\u00e9 ou dans les publications sans le consentement \u00e9crit pr\u00e9alable de l&#8217;autre partie.<br \/>\nTous les renseignements \u00e9chang\u00e9s ne sont pas confidentiels. Si une des parties demande d&#8217;\u00e9changer<br \/>\ndes informations confidentielles, cela sera accept\u00e9 dans un accord de confidentialit\u00e9 s\u00e9par\u00e9.<br \/>\nChaque partie peut conclure des accords similaires \u00e0 d&#8217;autres parties.<br \/>\nChaque partie accord\u00e9e \u00e0 l&#8217;autre les licences et les droits qui sont express\u00e9ment convenus par<br \/>\naccord. Il n&#8217;y a pas d&#8217;autres licences o\u00f9 droits (y compris les licences ou les droits d&#8217;utilisation de<br \/>\nbrevets) qui sont accord\u00e9s.<br \/>\nLes parties s&#8217;accordent mutuellement un d\u00e9lai raisonnable pour se conformer aux obligations<br \/>\ncontract\u00e9es avant une action en justice contre l&#8217;autre partie.<br \/>\nAucune des parties ne fera de r\u00e9clamations en justice d\u00e9roulant de ces termes et conditions dans le<br \/>\ncas o\u00f9 d\u00e9j\u00e0 plus de 2 ans se sont \u00e9coul\u00e9es depuis l&#8217;\u00e9v\u00e9nement.<br \/>\nAucune partie ne sera responsable pour manquement \u00e0 ses obligations en raison de causes en<br \/>\ndehors de sa propre sph\u00e8re d&#8217;influence.<br \/>\nAucune partie ne peut c\u00e9der le pr\u00e9sent accord \u00e0 des tiers, en totalit\u00e9 ou en partie sans le<br \/>\nconsentement pr\u00e9alable \u00e9crit de l&#8217;autre partie.<br \/>\nLa partie sollicit\u00e9e pour un transfert o\u00f9 cession ne doit pas refuser un transfert ou la session sans<br \/>\nmotif valable point la cession totale ou partielle du pr\u00e9sent accord au sein de la soci\u00e9t\u00e9 \u00e0 laquelle<br \/>\nappartiennent partie, ou dans le cas d&#8217;une fusion ou une acquisition requiert l&#8217;accord \u00e9crit de l&#8217;autre<br \/>\npartie contractante.<br \/>\nSatom IT &amp; Learning Solutions a \u00e9galement le droit de transf\u00e9rer ces droits de recouvrement en vertu<br \/>\ndu pr\u00e9sent accord sans le consentement du client point la vente de l&#8217;unit\u00e9 d&#8217;affaires de Satom IT &amp;<br \/>\nLearning Solutions, qui affect\u00e9 \u00e9galement tous les clients de Satom IT &amp; Learning Solutions ne sera<br \/>\npas consid\u00e9r\u00e9 comme une cession.<br \/>\nLe client s&#8217;engage \u00e0 ne pas revendre les services, sans avoir \u00e0 obtenir l&#8217;autorisation pr\u00e9alable \u00e9crite<br \/>\nde Satom IT &amp; Learning Solutions.<br \/>\nLe client est responsable de l&#8217;utilisation des produits et des r\u00e9sultats des services.<br \/>\nLe client donne \u00e0 Satom IT &amp; Learning Solutions un acc\u00e8s suffisant et s\u00e9curis\u00e9 \u00e0 ses locaux et ses<br \/>\nsyst\u00e8mes, de sorte que Satom IT &amp; Learning Solutions peut r\u00e9pondre \u00e0 ses obligations contractuelles.<br \/>\nIl y a aucune garantie.<\/p>\n<p><strong>Responsabilit\u00e9<\/strong><br \/>\nEn plus des responsabilit\u00e9s pr\u00e9vues par la loi, les dispositions suivantes s&#8217;appliquent :<br \/>\nLa responsabilit\u00e9 de Satom IT &amp; Learning Solutions pour des dommages et les pertes qui pourraient<br \/>\nr\u00e9sulter de l&#8217;exercice de ses fonctions ou en raison d&#8217;autres causes, est limit\u00e9e \u00e0 de v\u00e9ritables<br \/>\ndommages subis et des pertes \u00e9prouv\u00e9es qui d\u00e9coulent directement de l&#8217;\u00e9mission par n\u00e9gligence<br \/>\npour exercer ses fonctions ; elle ne pourra pas exc\u00e9der dans tous les cas :<br \/>\n\u2022 CHF 750 000 (sept cent cinquante mille francs suisses)<br \/>\n\u2022 Ou le prix du dommage encouru.<br \/>\n\u2022 Pour les services p\u00e9riodiques ou r\u00e9currents, le montant r\u00e9sultant de la somme des 12<br \/>\nmensualit\u00e9s.<br \/>\nDans la section ci-dessus, les limitations mentionn\u00e9es de responsabilit\u00e9 ne s&#8217;appliquent pas aux<br \/>\ndommages corporels (y compris le d\u00e9c\u00e8s) ou des dommages aux biens pour lesquels Satom IT &amp;<br \/>\nLearning Solutions est responsable via \u00e0 vis de la loi.<br \/>\nIl n&#8217;est \u00e9galement pas responsable de ce qui suit :<br \/>\n\u2022 Perte de profit, m\u00eame si elles sont le r\u00e9sultat direct de l&#8217;\u00e9v\u00e9nement provoquant des<br \/>\ndommages ;<br \/>\n\u2022 Dommages indirects ou cons\u00e9cutifs, m\u00eame si ces dommages ou pertes pr\u00e9visibles ou<br \/>\nSatom IT &amp; Learning Solutions a \u00e9t\u00e9 avis\u00e9e de la surveillance possible ;<br \/>\n\u2022 Perte ou corruption des donn\u00e9es ;<br \/>\n\u2022 Perte d\u2019exploitation, perte d\u2019\u00e9conomies goodwill ou latentes.<\/p>\n<p><strong>R\u00e9clamations de tiers<\/strong><br \/>\nLe client accepte que Satom IT &amp; Learning Solutions sauvegarde les coordonn\u00e9es de la soci\u00e9t\u00e9 du<br \/>\nclient, le nom du client et ses num\u00e9ros de t\u00e9l\u00e9phone et adresses e-mail, dans tous les pays dans<br \/>\nlesquels Satom IT &amp; Learning Solutions et ses filiales font des affaires.<br \/>\nCes informations seront utilis\u00e9es dans les relations d&#8217;affaires existantes et seront trait\u00e9es et utilis\u00e9es<br \/>\npour les sous-traitants, partenaires commerciaux de Satom IT &amp; Learning Solutions et de ses filiales \u00e0<br \/>\ndes fins d&#8217;activit\u00e9s commerciales, y compris la communication avec le client virgule le transfert (par<br \/>\nexemple virgule pour le traitement des commandes, des promotions, des \u00e9tudes de march\u00e9).<\/p>\n<p><strong>For<\/strong><br \/>\nSauf disposition express pr\u00e9vue par d\u00e9rogation, tous les droits et obligations des parties seront<br \/>\napplicables en Suisse ou aux Lichtenstein. Les parties contractantes conviennent que le droit Suisse<br \/>\ns&#8217;applique et que la comp\u00e9tence exclusive du for de Gen\u00e8ve s\u2019applique.<br \/>\nToute autre disposition pr\u00e9sente condition est invalide.<\/p>\n","protected":false},"excerpt":{"rendered":"<p>CONDITIONS GENERALES DE FORMATION Ces conditions g\u00e9n\u00e9rales de Satom IT &amp; Learning Solutions r\u00e9gissent la prestation de services de formation de Satom IT &amp; Learning Solutions Suisse (\u00ab Satom IT &amp; Learning Solutions \u00bb). Ces conditions constituent l&#8217;accord dans son entier ; elles remplacent tout accord ant\u00e9rieur, verbal o\u00f9 \u00e9crit entre les parties. Offre de &hellip;<\/p>\n<p class=\"read-more\"> <a class=\"\" href=\"https:\/\/satom.net\/en\/terms-and-conditions\/\"> <span class=\"screen-reader-text\">Terms and conditions<\/span> Read More &raquo;<\/a><\/p>\n","protected":false},"author":1,"featured_media":0,"parent":0,"menu_order":0,"comment_status":"closed","ping_status":"closed","template":"","meta":{"content-type":"","site-sidebar-layout":"no-sidebar","site-content-layout":"plain-container","ast-site-content-layout":"","site-content-style":"default","site-sidebar-style":"default","ast-global-header-display":"","ast-banner-title-visibility":"","ast-main-header-display":"","ast-hfb-above-header-display":"","ast-hfb-below-header-display":"","ast-hfb-mobile-header-display":"","site-post-title":"disabled","ast-breadcrumbs-content":"","ast-featured-img":"disabled","footer-sml-layout":"","theme-transparent-header-meta":"default","adv-header-id-meta":"","stick-header-meta":"","header-above-stick-meta":"","header-main-stick-meta":"","header-below-stick-meta":"","astra-migrate-meta-layouts":"","footnotes":""},"yoast_head":"<!-- This site is optimized with the Yoast SEO plugin v21.2 - https:\/\/yoast.com\/wordpress\/plugins\/seo\/ -->\n<title>Terms and conditions - Satom<\/title>\n<meta name=\"robots\" content=\"index, follow, max-snippet:-1, max-image-preview:large, max-video-preview:-1\" \/>\n<link rel=\"canonical\" href=\"https:\/\/satom.net\/en\/terms-and-conditions\/\" \/>\n<meta property=\"og:locale\" content=\"en_US\" \/>\n<meta property=\"og:type\" content=\"article\" \/>\n<meta property=\"og:title\" content=\"Terms and conditions - Satom\" \/>\n<meta property=\"og:description\" content=\"CONDITIONS GENERALES DE FORMATION Ces conditions g\u00e9n\u00e9rales de Satom IT &amp; Learning Solutions r\u00e9gissent la prestation de services de formation de Satom IT &amp; Learning Solutions Suisse (\u00ab Satom IT &amp; Learning Solutions \u00bb). Ces conditions constituent l&#8217;accord dans son entier ; elles remplacent tout accord ant\u00e9rieur, verbal o\u00f9 \u00e9crit entre les parties. Offre de &hellip; Terms and conditions Read More &raquo;\" \/>\n<meta property=\"og:url\" content=\"https:\/\/satom.net\/en\/terms-and-conditions\/\" \/>\n<meta property=\"og:site_name\" content=\"Satom\" \/>\n<meta property=\"article:publisher\" content=\"https:\/\/www.facebook.com\/profile.php?id=100054278241522\" \/>\n<meta property=\"article:modified_time\" content=\"2022-12-09T13:37:11+00:00\" \/>\n<meta name=\"twitter:card\" content=\"summary_large_image\" \/>\n<script type=\"application\/ld+json\" class=\"yoast-schema-graph\">{\"@context\":\"https:\/\/schema.org\",\"@graph\":[{\"@type\":\"WebPage\",\"@id\":\"https:\/\/satom.net\/en\/terms-and-conditions\/\",\"url\":\"https:\/\/satom.net\/en\/terms-and-conditions\/\",\"name\":\"Terms and conditions - Satom\",\"isPartOf\":{\"@id\":\"https:\/\/satom.net\/#website\"},\"datePublished\":\"2020-10-13T19:56:26+00:00\",\"dateModified\":\"2022-12-09T13:37:11+00:00\",\"breadcrumb\":{\"@id\":\"https:\/\/satom.net\/en\/terms-and-conditions\/#breadcrumb\"},\"inLanguage\":\"en-US\",\"potentialAction\":[{\"@type\":\"ReadAction\",\"target\":[\"https:\/\/satom.net\/en\/terms-and-conditions\/\"]}]},{\"@type\":\"BreadcrumbList\",\"@id\":\"https:\/\/satom.net\/en\/terms-and-conditions\/#breadcrumb\",\"itemListElement\":[{\"@type\":\"ListItem\",\"position\":1,\"name\":\"Accueil\",\"item\":\"https:\/\/satom.net\/en\/\"},{\"@type\":\"ListItem\",\"position\":2,\"name\":\"Terms and conditions\"}]},{\"@type\":\"WebSite\",\"@id\":\"https:\/\/satom.net\/#website\",\"url\":\"https:\/\/satom.net\/\",\"name\":\"Satom\",\"description\":\"IT &amp; Learning Solutions\",\"publisher\":{\"@id\":\"https:\/\/satom.net\/#organization\"},\"potentialAction\":[{\"@type\":\"SearchAction\",\"target\":{\"@type\":\"EntryPoint\",\"urlTemplate\":\"https:\/\/satom.net\/?s={search_term_string}\"},\"query-input\":\"required name=search_term_string\"}],\"inLanguage\":\"en-US\"},{\"@type\":\"Organization\",\"@id\":\"https:\/\/satom.net\/#organization\",\"name\":\"Satom\",\"url\":\"https:\/\/satom.net\/\",\"logo\":{\"@type\":\"ImageObject\",\"inLanguage\":\"en-US\",\"@id\":\"https:\/\/satom.net\/#\/schema\/logo\/image\/\",\"url\":\"https:\/\/satom.net\/wp-content\/uploads\/2021\/05\/cropped-MicrosoftTeams-image-1.png\",\"contentUrl\":\"https:\/\/satom.net\/wp-content\/uploads\/2021\/05\/cropped-MicrosoftTeams-image-1.png\",\"width\":350,\"height\":116,\"caption\":\"Satom\"},\"image\":{\"@id\":\"https:\/\/satom.net\/#\/schema\/logo\/image\/\"},\"sameAs\":[\"https:\/\/www.facebook.com\/profile.php?id=100054278241522\",\"https:\/\/www.instagram.com\",\"https:\/\/www.linkedin.com\/company\/148014\/admin\/feed\/posts\/\"]}]}<\/script>\n<!-- \/ Yoast SEO plugin. -->","yoast_head_json":{"title":"Terms and conditions - Satom","robots":{"index":"index","follow":"follow","max-snippet":"max-snippet:-1","max-image-preview":"max-image-preview:large","max-video-preview":"max-video-preview:-1"},"canonical":"https:\/\/satom.net\/en\/terms-and-conditions\/","og_locale":"en_US","og_type":"article","og_title":"Terms and conditions - Satom","og_description":"CONDITIONS GENERALES DE FORMATION Ces conditions g\u00e9n\u00e9rales de Satom IT &amp; Learning Solutions r\u00e9gissent la prestation de services de formation de Satom IT &amp; Learning Solutions Suisse (\u00ab Satom IT &amp; Learning Solutions \u00bb). Ces conditions constituent l&#8217;accord dans son entier ; elles remplacent tout accord ant\u00e9rieur, verbal o\u00f9 \u00e9crit entre les parties. Offre de &hellip; Terms and conditions Read More &raquo;","og_url":"https:\/\/satom.net\/en\/terms-and-conditions\/","og_site_name":"Satom","article_publisher":"https:\/\/www.facebook.com\/profile.php?id=100054278241522","article_modified_time":"2022-12-09T13:37:11+00:00","twitter_card":"summary_large_image","schema":{"@context":"https:\/\/schema.org","@graph":[{"@type":"WebPage","@id":"https:\/\/satom.net\/en\/terms-and-conditions\/","url":"https:\/\/satom.net\/en\/terms-and-conditions\/","name":"Terms and conditions - Satom","isPartOf":{"@id":"https:\/\/satom.net\/#website"},"datePublished":"2020-10-13T19:56:26+00:00","dateModified":"2022-12-09T13:37:11+00:00","breadcrumb":{"@id":"https:\/\/satom.net\/en\/terms-and-conditions\/#breadcrumb"},"inLanguage":"en-US","potentialAction":[{"@type":"ReadAction","target":["https:\/\/satom.net\/en\/terms-and-conditions\/"]}]},{"@type":"BreadcrumbList","@id":"https:\/\/satom.net\/en\/terms-and-conditions\/#breadcrumb","itemListElement":[{"@type":"ListItem","position":1,"name":"Accueil","item":"https:\/\/satom.net\/en\/"},{"@type":"ListItem","position":2,"name":"Terms and conditions"}]},{"@type":"WebSite","@id":"https:\/\/satom.net\/#website","url":"https:\/\/satom.net\/","name":"Satom","description":"IT &amp; Learning Solutions","publisher":{"@id":"https:\/\/satom.net\/#organization"},"potentialAction":[{"@type":"SearchAction","target":{"@type":"EntryPoint","urlTemplate":"https:\/\/satom.net\/?s={search_term_string}"},"query-input":"required name=search_term_string"}],"inLanguage":"en-US"},{"@type":"Organization","@id":"https:\/\/satom.net\/#organization","name":"Satom","url":"https:\/\/satom.net\/","logo":{"@type":"ImageObject","inLanguage":"en-US","@id":"https:\/\/satom.net\/#\/schema\/logo\/image\/","url":"https:\/\/satom.net\/wp-content\/uploads\/2021\/05\/cropped-MicrosoftTeams-image-1.png","contentUrl":"https:\/\/satom.net\/wp-content\/uploads\/2021\/05\/cropped-MicrosoftTeams-image-1.png","width":350,"height":116,"caption":"Satom"},"image":{"@id":"https:\/\/satom.net\/#\/schema\/logo\/image\/"},"sameAs":["https:\/\/www.facebook.com\/profile.php?id=100054278241522","https:\/\/www.instagram.com","https:\/\/www.linkedin.com\/company\/148014\/admin\/feed\/posts\/"]}]}},"_links":{"self":[{"href":"https:\/\/satom.net\/en\/wp-json\/wp\/v2\/pages\/3731"}],"collection":[{"href":"https:\/\/satom.net\/en\/wp-json\/wp\/v2\/pages"}],"about":[{"href":"https:\/\/satom.net\/en\/wp-json\/wp\/v2\/types\/page"}],"author":[{"embeddable":true,"href":"https:\/\/satom.net\/en\/wp-json\/wp\/v2\/users\/1"}],"replies":[{"embeddable":true,"href":"https:\/\/satom.net\/en\/wp-json\/wp\/v2\/comments?post=3731"}],"version-history":[{"count":1,"href":"https:\/\/satom.net\/en\/wp-json\/wp\/v2\/pages\/3731\/revisions"}],"predecessor-version":[{"id":3733,"href":"https:\/\/satom.net\/en\/wp-json\/wp\/v2\/pages\/3731\/revisions\/3733"}],"wp:attachment":[{"href":"https:\/\/satom.net\/en\/wp-json\/wp\/v2\/media?parent=3731"}],"curies":[{"name":"wp","href":"https:\/\/api.w.org\/{rel}","templated":true}]}}