{"id":1372,"date":"2020-11-28T16:32:06","date_gmt":"2020-11-28T16:32:06","guid":{"rendered":"https:\/\/satom.net\/?page_id=1372"},"modified":"2021-02-10T08:40:59","modified_gmt":"2021-02-10T07:40:59","slug":"analytik","status":"publish","type":"page","link":"https:\/\/satom.net\/de\/analytik\/","title":{"rendered":"ANALYTIK"},"content":{"rendered":"\t\t<div data-elementor-type=\"wp-page\" data-elementor-id=\"1372\" class=\"elementor elementor-1372 elementor-14\" data-elementor-post-type=\"page\">\n\t\t\t\t\t\t\t\t\t<section class=\"elementor-section elementor-top-section elementor-element elementor-element-df254c8 elementor-section-boxed elementor-section-height-default elementor-section-height-default\" data-id=\"df254c8\" data-element_type=\"section\" data-settings=\"{&quot;background_background&quot;:&quot;classic&quot;}\">\n\t\t\t\t\t\t<div class=\"elementor-container elementor-column-gap-no\">\n\t\t\t\t\t<div class=\"elementor-column elementor-col-100 elementor-top-column elementor-element elementor-element-f83e1bb\" data-id=\"f83e1bb\" data-element_type=\"column\">\n\t\t\t<div class=\"elementor-widget-wrap elementor-element-populated\">\n\t\t\t\t\t\t\t\t<div class=\"elementor-element elementor-element-b710ad6 elementor-widget elementor-widget-heading\" data-id=\"b710ad6\" data-element_type=\"widget\" data-widget_type=\"heading.default\">\n\t\t\t\t<div class=\"elementor-widget-container\">\n\t\t\t<h1 class=\"elementor-heading-title elementor-size-default\">Analytik<\/h1>\t\t<\/div>\n\t\t\t\t<\/div>\n\t\t\t\t<div class=\"elementor-element elementor-element-68b0997 elementor-widget elementor-widget-heading\" data-id=\"68b0997\" data-element_type=\"widget\" data-widget_type=\"heading.default\">\n\t\t\t\t<div class=\"elementor-widget-container\">\n\t\t\t<h2 class=\"elementor-heading-title elementor-size-default\">INVESTIGATION BY IMAGE<\/h2>\t\t<\/div>\n\t\t\t\t<\/div>\n\t\t\t\t<div class=\"elementor-element elementor-element-562fdb7 elementor-widget elementor-widget-text-editor\" data-id=\"562fdb7\" data-element_type=\"widget\" data-widget_type=\"text-editor.default\">\n\t\t\t\t<div class=\"elementor-widget-container\">\n\t\t\t\t\t\t\t<p>Satom IT &amp; Learning Solutions st\u00fctzt sich auf seine 15-j\u00e4hrige Erfahrung Analyst&#8217;s Notebook und bietet Ihnen fortschrittliche<br \/>Analysemethoden. Julie hilft Ihnen bei der Betrugsbek\u00e4mpfung, bei der Einhaltung von Bankvorschriften, bei der Dopingbek\u00e4mpfung und bei strafrechtlichen Ermittlungen.<\/p><p>Das IBI-Team bietet Software-Know-how sowie auf Ihre Bed\u00fcrfnisse zugeschnittene Schulungen und Entwicklungen.<\/p><p>F\u00fcr weitere Informationen besuchen Sie bitte :<\/p>\t\t\t\t\t\t<\/div>\n\t\t\t\t<\/div>\n\t\t\t\t<div class=\"elementor-element elementor-element-ff51c60 pp-buttons-valign-middle pp-buttons-halign-left pp-buttons-stack-none elementor-widget elementor-widget-pp-buttons\" data-id=\"ff51c60\" data-element_type=\"widget\" data-widget_type=\"pp-buttons.default\">\n\t\t\t\t<div class=\"elementor-widget-container\">\n\t\t\t\t\t<div class=\"pp-buttons-group\">\n\t\t\t\t\t\t\t\t\t\t\t<a href=\"https:\/\/www.investigationbyimage.com\/\" class=\"pp-button elementor-button elementor-size-lg elementor-repeater-item-f5cab7e elementor-animation-grow\">\n\t\t\t\t\t<div class=\"pp-button-content-wrapper\">\n\t\t\t\t\t\t<span class=\"pp-button-content-inner pp-icon-after\">\n\t\t\t\t\t\t\t\t\t\t\t\t\t\t\t\t\t<span class=\"pp-button-icon pp-icon\">\n\t\t\t\t\t\t\t\t\t\t\t<i aria-hidden=\"true\" class=\"fas fa-arrow-right\"><\/i>\t\t\t\t\t\t\t\t\t\t<\/span>\n\t\t\t\t\t\t\t\t\t\t\n\t\t\t\t\t\t\t\t<span class=\"pp-button-title\">\n\t\t\t\t\t\t\t\t\tEntdecken\t\t\t\t\t\t\t\t<\/span>\n\t\t\t\t\t\t\t\t\t\t\t\t\t<\/span>\n\t\t\t\t\t<\/div>\n\t\t\t\t<\/a>\n\t\t\t\t\t\t\t\t\t\t<\/div>\t\t<\/div>\n\t\t\t\t<\/div>\n\t\t\t\t<div class=\"elementor-element elementor-element-7900cad elementor-widget elementor-widget-spacer\" data-id=\"7900cad\" data-element_type=\"widget\" data-widget_type=\"spacer.default\">\n\t\t\t\t<div class=\"elementor-widget-container\">\n\t\t\t\t\t<div class=\"elementor-spacer\">\n\t\t\t<div class=\"elementor-spacer-inner\"><\/div>\n\t\t<\/div>\n\t\t\t\t<\/div>\n\t\t\t\t<\/div>\n\t\t\t\t<div class=\"elementor-element elementor-element-6be2c22 elementor-widget elementor-widget-heading\" data-id=\"6be2c22\" data-element_type=\"widget\" data-widget_type=\"heading.default\">\n\t\t\t\t<div class=\"elementor-widget-container\">\n\t\t\t<h2 class=\"elementor-heading-title elementor-size-default\">UNSER TEAM BER\u00c4T SIE GERNE<\/h2>\t\t<\/div>\n\t\t\t\t<\/div>\n\t\t\t\t<div class=\"elementor-element elementor-element-78ff121 elementor-widget elementor-widget-spacer\" data-id=\"78ff121\" data-element_type=\"widget\" data-widget_type=\"spacer.default\">\n\t\t\t\t<div class=\"elementor-widget-container\">\n\t\t\t\t\t<div class=\"elementor-spacer\">\n\t\t\t<div class=\"elementor-spacer-inner\"><\/div>\n\t\t<\/div>\n\t\t\t\t<\/div>\n\t\t\t\t<\/div>\n\t\t\t\t<section class=\"elementor-section elementor-inner-section elementor-element elementor-element-d849e5b elementor-section-boxed elementor-section-height-default elementor-section-height-default\" data-id=\"d849e5b\" data-element_type=\"section\">\n\t\t\t\t\t\t<div class=\"elementor-container elementor-column-gap-default\">\n\t\t\t\t\t<div class=\"elementor-column elementor-col-33 elementor-inner-column elementor-element elementor-element-d9a45fa\" data-id=\"d9a45fa\" data-element_type=\"column\" data-settings=\"{&quot;background_background&quot;:&quot;classic&quot;}\">\n\t\t\t<div class=\"elementor-widget-wrap\">\n\t\t\t\t\t\t\t\t\t<\/div>\n\t\t<\/div>\n\t\t\t\t<div class=\"elementor-column elementor-col-33 elementor-inner-column elementor-element elementor-element-3b66879\" data-id=\"3b66879\" data-element_type=\"column\" data-settings=\"{&quot;background_background&quot;:&quot;classic&quot;}\">\n\t\t\t<div class=\"elementor-widget-wrap\">\n\t\t\t\t\t\t\t\t\t<\/div>\n\t\t<\/div>\n\t\t\t\t<div class=\"elementor-column elementor-col-33 elementor-inner-column elementor-element elementor-element-5cc3475\" data-id=\"5cc3475\" data-element_type=\"column\" data-settings=\"{&quot;background_background&quot;:&quot;classic&quot;}\">\n\t\t\t<div class=\"elementor-widget-wrap\">\n\t\t\t\t\t\t\t\t\t<\/div>\n\t\t<\/div>\n\t\t\t\t\t\t\t<\/div>\n\t\t<\/section>\n\t\t\t\t<section class=\"elementor-section elementor-inner-section elementor-element elementor-element-bc73396 elementor-section-boxed elementor-section-height-default elementor-section-height-default\" data-id=\"bc73396\" data-element_type=\"section\">\n\t\t\t\t\t\t<div class=\"elementor-container elementor-column-gap-default\">\n\t\t\t\t\t<div class=\"elementor-column elementor-col-100 elementor-inner-column elementor-element elementor-element-4c7467e\" data-id=\"4c7467e\" data-element_type=\"column\" data-settings=\"{&quot;background_background&quot;:&quot;classic&quot;}\">\n\t\t\t<div class=\"elementor-widget-wrap\">\n\t\t\t\t\t\t\t\t\t<\/div>\n\t\t<\/div>\n\t\t\t\t\t\t\t<\/div>\n\t\t<\/section>\n\t\t\t\t\t<\/div>\n\t\t<\/div>\n\t\t\t\t\t\t\t<\/div>\n\t\t<\/section>\n\t\t\t\t\t\t\t<\/div>\n\t\t","protected":false},"excerpt":{"rendered":"<p>Analytik INVESTIGATION BY IMAGE Satom IT &amp; Learning Solutions st\u00fctzt sich auf seine 15-j\u00e4hrige Erfahrung Analyst&#8217;s Notebook und bietet Ihnen fortschrittlicheAnalysemethoden. Julie hilft Ihnen bei der Betrugsbek\u00e4mpfung, bei der Einhaltung von Bankvorschriften, bei der Dopingbek\u00e4mpfung und bei strafrechtlichen Ermittlungen. Das IBI-Team bietet Software-Know-how sowie auf Ihre Bed\u00fcrfnisse zugeschnittene Schulungen und Entwicklungen. F\u00fcr weitere Informationen besuchen &hellip;<\/p>\n<p class=\"read-more\"> <a class=\"\" href=\"https:\/\/satom.net\/de\/analytik\/\"> <span class=\"screen-reader-text\">ANALYTIK<\/span> Weiterlesen &raquo;<\/a><\/p>\n","protected":false},"author":1,"featured_media":0,"parent":0,"menu_order":0,"comment_status":"closed","ping_status":"closed","template":"elementor_header_footer","meta":{"content-type":"","site-sidebar-layout":"no-sidebar","site-content-layout":"page-builder","ast-site-content-layout":"","site-content-style":"default","site-sidebar-style":"default","ast-global-header-display":"","ast-banner-title-visibility":"","ast-main-header-display":"","ast-hfb-above-header-display":"","ast-hfb-below-header-display":"","ast-hfb-mobile-header-display":"","site-post-title":"disabled","ast-breadcrumbs-content":"","ast-featured-img":"disabled","footer-sml-layout":"","theme-transparent-header-meta":"default","adv-header-id-meta":"","stick-header-meta":"","header-above-stick-meta":"","header-main-stick-meta":"","header-below-stick-meta":"","astra-migrate-meta-layouts":"","footnotes":""},"yoast_head":"<!-- This site is optimized with the Yoast SEO plugin v21.2 - https:\/\/yoast.com\/wordpress\/plugins\/seo\/ -->\n<title>ANALYTIK - Satom IT &amp; Learning Solutions<\/title>\n<meta name=\"robots\" content=\"index, follow, max-snippet:-1, max-image-preview:large, max-video-preview:-1\" \/>\n<link rel=\"canonical\" href=\"https:\/\/satom.net\/de\/analytik\/\" \/>\n<meta property=\"og:locale\" content=\"de_DE\" \/>\n<meta property=\"og:type\" content=\"article\" \/>\n<meta property=\"og:title\" content=\"ANALYTIK - Satom IT &amp; Learning Solutions\" \/>\n<meta property=\"og:description\" content=\"Analytik INVESTIGATION BY IMAGE Satom IT &amp; Learning Solutions st\u00fctzt sich auf seine 15-j\u00e4hrige Erfahrung Analyst&#8217;s Notebook und bietet Ihnen fortschrittlicheAnalysemethoden. Julie hilft Ihnen bei der Betrugsbek\u00e4mpfung, bei der Einhaltung von Bankvorschriften, bei der Dopingbek\u00e4mpfung und bei strafrechtlichen Ermittlungen. Das IBI-Team bietet Software-Know-how sowie auf Ihre Bed\u00fcrfnisse zugeschnittene Schulungen und Entwicklungen. F\u00fcr weitere Informationen besuchen &hellip; ANALYTIK Weiterlesen &raquo;\" \/>\n<meta property=\"og:url\" content=\"https:\/\/satom.net\/de\/analytik\/\" \/>\n<meta property=\"og:site_name\" content=\"Satom IT &amp; Learning Solutions\" \/>\n<meta property=\"article:publisher\" content=\"https:\/\/www.facebook.com\/profile.php?id=100054278241522\" \/>\n<meta property=\"article:modified_time\" content=\"2021-02-10T07:40:59+00:00\" \/>\n<meta name=\"twitter:card\" content=\"summary_large_image\" \/>\n<meta name=\"twitter:label1\" content=\"Gesch\u00e4tzte Lesezeit\" \/>\n\t<meta name=\"twitter:data1\" content=\"1\u00a0Minute\" \/>\n<script type=\"application\/ld+json\" class=\"yoast-schema-graph\">{\"@context\":\"https:\/\/schema.org\",\"@graph\":[{\"@type\":\"WebPage\",\"@id\":\"https:\/\/satom.net\/de\/analytik\/\",\"url\":\"https:\/\/satom.net\/de\/analytik\/\",\"name\":\"ANALYTIK - Satom IT &amp; Learning Solutions\",\"isPartOf\":{\"@id\":\"https:\/\/satom.net\/#website\"},\"datePublished\":\"2020-11-28T16:32:06+00:00\",\"dateModified\":\"2021-02-10T07:40:59+00:00\",\"breadcrumb\":{\"@id\":\"https:\/\/satom.net\/de\/analytik\/#breadcrumb\"},\"inLanguage\":\"de\",\"potentialAction\":[{\"@type\":\"ReadAction\",\"target\":[\"https:\/\/satom.net\/de\/analytik\/\"]}]},{\"@type\":\"BreadcrumbList\",\"@id\":\"https:\/\/satom.net\/de\/analytik\/#breadcrumb\",\"itemListElement\":[{\"@type\":\"ListItem\",\"position\":1,\"name\":\"Accueil\",\"item\":\"https:\/\/satom.net\/de\/\"},{\"@type\":\"ListItem\",\"position\":2,\"name\":\"ANALYTIK\"}]},{\"@type\":\"WebSite\",\"@id\":\"https:\/\/satom.net\/#website\",\"url\":\"https:\/\/satom.net\/\",\"name\":\"Satom IT &amp; Learning Solutions\",\"description\":\"IT &amp; Learning Solutions\",\"publisher\":{\"@id\":\"https:\/\/satom.net\/#organization\"},\"potentialAction\":[{\"@type\":\"SearchAction\",\"target\":{\"@type\":\"EntryPoint\",\"urlTemplate\":\"https:\/\/satom.net\/?s={search_term_string}\"},\"query-input\":\"required name=search_term_string\"}],\"inLanguage\":\"de\"},{\"@type\":\"Organization\",\"@id\":\"https:\/\/satom.net\/#organization\",\"name\":\"Satom IT &amp; Learning Solutions\",\"url\":\"https:\/\/satom.net\/\",\"logo\":{\"@type\":\"ImageObject\",\"inLanguage\":\"de\",\"@id\":\"https:\/\/satom.net\/#\/schema\/logo\/image\/\",\"url\":\"https:\/\/satom.net\/wp-content\/uploads\/2021\/05\/cropped-MicrosoftTeams-image-1.png\",\"contentUrl\":\"https:\/\/satom.net\/wp-content\/uploads\/2021\/05\/cropped-MicrosoftTeams-image-1.png\",\"width\":350,\"height\":116,\"caption\":\"Satom IT &amp; Learning Solutions\"},\"image\":{\"@id\":\"https:\/\/satom.net\/#\/schema\/logo\/image\/\"},\"sameAs\":[\"https:\/\/www.facebook.com\/profile.php?id=100054278241522\",\"https:\/\/www.instagram.com\",\"https:\/\/www.linkedin.com\/company\/148014\/admin\/feed\/posts\/\"]}]}<\/script>\n<!-- \/ Yoast SEO plugin. -->","yoast_head_json":{"title":"ANALYTIK - Satom IT &amp; Learning Solutions","robots":{"index":"index","follow":"follow","max-snippet":"max-snippet:-1","max-image-preview":"max-image-preview:large","max-video-preview":"max-video-preview:-1"},"canonical":"https:\/\/satom.net\/de\/analytik\/","og_locale":"de_DE","og_type":"article","og_title":"ANALYTIK - Satom IT &amp; Learning Solutions","og_description":"Analytik INVESTIGATION BY IMAGE Satom IT &amp; Learning Solutions st\u00fctzt sich auf seine 15-j\u00e4hrige Erfahrung Analyst&#8217;s Notebook und bietet Ihnen fortschrittlicheAnalysemethoden. Julie hilft Ihnen bei der Betrugsbek\u00e4mpfung, bei der Einhaltung von Bankvorschriften, bei der Dopingbek\u00e4mpfung und bei strafrechtlichen Ermittlungen. Das IBI-Team bietet Software-Know-how sowie auf Ihre Bed\u00fcrfnisse zugeschnittene Schulungen und Entwicklungen. F\u00fcr weitere Informationen besuchen &hellip; ANALYTIK Weiterlesen &raquo;","og_url":"https:\/\/satom.net\/de\/analytik\/","og_site_name":"Satom IT &amp; Learning Solutions","article_publisher":"https:\/\/www.facebook.com\/profile.php?id=100054278241522","article_modified_time":"2021-02-10T07:40:59+00:00","twitter_card":"summary_large_image","twitter_misc":{"Gesch\u00e4tzte Lesezeit":"1\u00a0Minute"},"schema":{"@context":"https:\/\/schema.org","@graph":[{"@type":"WebPage","@id":"https:\/\/satom.net\/de\/analytik\/","url":"https:\/\/satom.net\/de\/analytik\/","name":"ANALYTIK - Satom IT &amp; Learning Solutions","isPartOf":{"@id":"https:\/\/satom.net\/#website"},"datePublished":"2020-11-28T16:32:06+00:00","dateModified":"2021-02-10T07:40:59+00:00","breadcrumb":{"@id":"https:\/\/satom.net\/de\/analytik\/#breadcrumb"},"inLanguage":"de","potentialAction":[{"@type":"ReadAction","target":["https:\/\/satom.net\/de\/analytik\/"]}]},{"@type":"BreadcrumbList","@id":"https:\/\/satom.net\/de\/analytik\/#breadcrumb","itemListElement":[{"@type":"ListItem","position":1,"name":"Accueil","item":"https:\/\/satom.net\/de\/"},{"@type":"ListItem","position":2,"name":"ANALYTIK"}]},{"@type":"WebSite","@id":"https:\/\/satom.net\/#website","url":"https:\/\/satom.net\/","name":"Satom IT &amp; Learning Solutions","description":"IT &amp; Learning Solutions","publisher":{"@id":"https:\/\/satom.net\/#organization"},"potentialAction":[{"@type":"SearchAction","target":{"@type":"EntryPoint","urlTemplate":"https:\/\/satom.net\/?s={search_term_string}"},"query-input":"required name=search_term_string"}],"inLanguage":"de"},{"@type":"Organization","@id":"https:\/\/satom.net\/#organization","name":"Satom IT &amp; Learning Solutions","url":"https:\/\/satom.net\/","logo":{"@type":"ImageObject","inLanguage":"de","@id":"https:\/\/satom.net\/#\/schema\/logo\/image\/","url":"https:\/\/satom.net\/wp-content\/uploads\/2021\/05\/cropped-MicrosoftTeams-image-1.png","contentUrl":"https:\/\/satom.net\/wp-content\/uploads\/2021\/05\/cropped-MicrosoftTeams-image-1.png","width":350,"height":116,"caption":"Satom IT &amp; Learning Solutions"},"image":{"@id":"https:\/\/satom.net\/#\/schema\/logo\/image\/"},"sameAs":["https:\/\/www.facebook.com\/profile.php?id=100054278241522","https:\/\/www.instagram.com","https:\/\/www.linkedin.com\/company\/148014\/admin\/feed\/posts\/"]}]}},"_links":{"self":[{"href":"https:\/\/satom.net\/de\/wp-json\/wp\/v2\/pages\/1372"}],"collection":[{"href":"https:\/\/satom.net\/de\/wp-json\/wp\/v2\/pages"}],"about":[{"href":"https:\/\/satom.net\/de\/wp-json\/wp\/v2\/types\/page"}],"author":[{"embeddable":true,"href":"https:\/\/satom.net\/de\/wp-json\/wp\/v2\/users\/1"}],"replies":[{"embeddable":true,"href":"https:\/\/satom.net\/de\/wp-json\/wp\/v2\/comments?post=1372"}],"version-history":[{"count":6,"href":"https:\/\/satom.net\/de\/wp-json\/wp\/v2\/pages\/1372\/revisions"}],"predecessor-version":[{"id":2242,"href":"https:\/\/satom.net\/de\/wp-json\/wp\/v2\/pages\/1372\/revisions\/2242"}],"wp:attachment":[{"href":"https:\/\/satom.net\/de\/wp-json\/wp\/v2\/media?parent=1372"}],"curies":[{"name":"wp","href":"https:\/\/api.w.org\/{rel}","templated":true}]}}